{"id":536,"date":"2022-10-19T12:08:37","date_gmt":"2022-10-19T10:08:37","guid":{"rendered":"http:\/\/dalmau.com.es\/?page_id=536"},"modified":"2023-06-30T12:02:05","modified_gmt":"2023-06-30T10:02:05","slug":"politica-de-cookies","status":"publish","type":"page","link":"https:\/\/dalmau.com.es\/es\/politica-de-cookies\/","title":{"rendered":"Pol\u00edtica de Cookies"},"content":{"rendered":"<div class=\"fusion-fullwidth fullwidth-box fusion-builder-row-1 fusion-flex-container has-pattern-background has-mask-background nonhundred-percent-fullwidth non-hundred-percent-height-scrolling\" style=\"--awb-border-radius-top-left:0px;--awb-border-radius-top-right:0px;--awb-border-radius-bottom-right:0px;--awb-border-radius-bottom-left:0px;--awb-flex-wrap:wrap;\" ><div class=\"fusion-builder-row fusion-row fusion-flex-align-items-flex-start fusion-flex-content-wrap\" style=\"max-width:1248px;margin-left: calc(-4% \/ 2 );margin-right: calc(-4% \/ 2 );\"><div class=\"fusion-layout-column fusion_builder_column fusion-builder-column-0 fusion_builder_column_1_1 1_1 fusion-flex-column\" style=\"--awb-bg-size:cover;--awb-width-large:100%;--awb-margin-top-large:0px;--awb-spacing-right-large:1.92%;--awb-margin-bottom-large:20px;--awb-spacing-left-large:1.92%;--awb-width-medium:100%;--awb-order-medium:0;--awb-spacing-right-medium:1.92%;--awb-spacing-left-medium:1.92%;--awb-width-small:100%;--awb-order-small:0;--awb-spacing-right-small:1.92%;--awb-spacing-left-small:1.92%;\"><div class=\"fusion-column-wrapper fusion-column-has-shadow fusion-flex-justify-content-flex-start fusion-content-layout-column\"><div class=\"fusion-text fusion-text-1\"><p>Las cookies son peque\u00f1os archivos de texto almacenados en su navegador cuando utiliza los sitios Web o aplicaciones (app\u2019s). Puede controlar c\u00f3mo se utilizan estas cookies mediante la configuraci\u00f3n de los ajustes en la privacidad del navegador (ver ayuda del navegador para obtener m\u00e1s informaci\u00f3n sobre el control de cookies). Tenga en cuenta que si se desactiva por completo las cookies, los sitios Web y las aplicaciones de DALMAU, es posible que no funcionen correctamente.<\/p>\n<p>DALMAU y las empresas que nos ayudan a administrar nuestros negocios hacen uso de cookies de diferentes maneras, por ejemplo:<\/p>\n<ul>\n<li>Autenticar e identificar a los usuarios de los sitios y en nuestras aplicaciones para que podamos ofrecer los servicios requeridos.<\/li>\n<li>Recordar las preferencias del usuario.<\/li>\n<li>Medir el uso de los sitios Web por parte del usuario para que podamos mejorarlas, personalizar los sitios Web y servicios en l\u00ednea basado en los intereses del usuario y la realizaci\u00f3n de estudios de mercado.<\/li>\n<li>Analizar los h\u00e1bitos de navegaci\u00f3n de los usuarios para proporcionar mensajes m\u00e1s personalizados y\/o espec\u00edficos.<\/li>\n<\/ul>\n<h4>Tecnolog\u00edas similares para cookies<\/h4>\n<p>Desde un punto de vista t\u00e9cnico, las cookies se llaman \u00abcookies HTTP\u00bb. Existen otras tecnolog\u00edas que pueden utilizarse para fines similares, tales como almacenamiento local de HTML5. Para autenticar a los usuarios, realizar un seguimiento de la informaci\u00f3n proporcionada por los usuarios y recordar las preferencias del usuario.<\/p>\n<h4>Contadores de visitas web y scripts incrustados<\/h4>\n<p>Contadores de visitas web y scripts incrustados son otras tecnolog\u00edas que utilizamos en nuestros sitios web y en nuestras aplicaciones, y en algunos de nuestros correos electr\u00f3nicos y nuestros mensajes.<\/p>\n<p>Contadores de visita (o \u00abtag\u00bb) se componen de c\u00f3digo de programaci\u00f3n sencillo incrustados en p\u00e1ginas web, correos electr\u00f3nicos y mensajes que se comunican con DALMAU (o empresas que nos ayudan a llevar nuestro negocio), cuando este tipo de p\u00e1ginas web, correos electr\u00f3nicos o mensajes han sido vistos o se hace clic en ellos.<\/p>\n<p>Los scripts incrustados programan c\u00f3digo dentro de algunas de nuestras p\u00e1ginas para medir el modo de uso de los mismos, por ejemplo, los enlaces que utiliza. Utilizamos esta informaci\u00f3n para mejorar nuestros sitios web y los servicios en l\u00ednea, para adaptarla a los intereses de los potenciales usuarios y para llevar a cabo estudios de mercado. Los usuarios pueden deshabilitar las caracter\u00edsticas de secuencias de comandos, tales como JavaScript, en el navegador (ver funci\u00f3n de ayuda del navegador). Tenga en cuenta que si deshabilita las capacidades de scripting, algunos sitios Web y las aplicaciones de DALMAU puede no funcionar correctamente.<\/p>\n<h4>Navegador de control per bloquejar les cookies<\/h4>\n<p>La mayor\u00eda de los navegadores aceptan cookies autom\u00e1ticamente, pero se puede cambiar la configuraci\u00f3n del navegador para bloquear las cookies. Por ejemplo, en Internet Explorer 11, las cookies pueden ser bloqueadas con el siguiente procedimiento:<\/p>\n<ol>\n<li>Haga clic en \u00ab<strong>Herramientas<\/strong>\u00bb y seleccione \u00ab<strong>Opciones de Internet<\/strong>\u00bb.<\/li>\n<li>Seleccione la pesta\u00f1a \u00ab<strong>Privacidad<\/strong>\u00bb en la parte superior de la ventana.<\/li>\n<li>Mover el cursor hacia arriba o hacia abajo para seleccionar los tipos de cookies para ser bloqueado.<\/li>\n<\/ol>\n<p>Las instrucciones para bloquear las cookies en otros navegadores est\u00e1n disponibles en la secci\u00f3n de privacidad de cada navegador.<\/p>\n<p>Tenga en cuenta que si decide bloquear las cookies, no podr\u00e1 acceder o utilizar otras funciones interactivas de los sitios y servicios de DALMAU basada en cookies.<\/p>\n<h4>Navegador de control para borrar las cookies<\/h4>\n<p>Si acepta las cookies, m\u00e1s tarde las puede eliminar. Por ejemplo, en Google Chrome las cookies se pueden eliminar mediante el siguiente procedimiento:<\/p>\n<ol>\n<li>Abre Chrome en tu ordenador.<\/li>\n<li>Ve a la parte superior derecha y haz clic en <strong>M\u00e1s<\/strong>.<\/li>\n<li>Haz clic en <strong>M\u00e1s herramientas&gt;Borrar datos de navegaci\u00f3n.<\/strong><\/li>\n<li>En la parte superior, elige un intervalo de tiempo. Para borrar todos los datos, selecciona <strong>Todos los periodos.<\/strong><\/li>\n<li>Marca las casillas junto a \u00ab<strong>Cookies y otros datos de sitios<\/strong>\u00bb y \u00ab<strong>Archivos e im\u00e1genes almacenados en cach\u00e9<\/strong>\u00bb.<\/li>\n<li>Haz clic en \u00ab<strong>Borrar los datos<\/strong>\u00bb.<\/li>\n<\/ol>\n<p>Las instrucciones para borrar las cookies en otros navegadores est\u00e1n disponibles en la \u201c<strong>declaraci\u00f3n de privacidad<\/strong>\u201d de cada navegador.<\/p>\n<p>Si elimina las cookies, las configuraciones y preferencias controladas por estas, incluyendo preferencias de publicidad, ser\u00e1n eliminadas.<\/p>\n<h4>Controles anal\u00edticos de terceros<\/h4>\n<p>Como se describe en detalle m\u00e1s adelante, muchos sitios web y servicios en l\u00ednea de DALMAU y otras empresas, que utilizan los servicios de an\u00e1lisis con las cookies de terceros y contadores web para recopilar estad\u00edsticas globales respecto a la efectividad de las campa\u00f1as promocionales u otras operaciones del sitio Web. El usuario puede rechazar la recopilaci\u00f3n o el uso de los datos haciendo clic en el siguiente enlace:<\/p>\n<p>Google Analytics: <a href=\"https:\/\/tools.google.com\/dlpage\/gaoptout\" target=\"_blank\" rel=\"noopener\">http:\/\/tools.google.com\/dlpage\/gaoptout<\/a> (requiere la instalaci\u00f3n de un complemento del navegador)<\/p>\n<h4>Las cookies y direcciones IP<\/h4>\n<p>Podemos obtener datos sobre su ordenador, incluyendo cuando sea posible, su direcci\u00f3n de IP, sistema operativo y tipo de navegador, para nuestros sistemas de gesti\u00f3n. Estos datos se utilizan para compilar estad\u00edsticas sobre las acciones realizadas durante la navegaci\u00f3n por los usuarios y no requieren ning\u00fan tipo de identificaci\u00f3n. Por la misma raz\u00f3n, podemos obtener informaci\u00f3n sobre su uso general de Internet mediante el uso de una cookie que se almacena en el disco duro del ordenador. Las cookies contienen cierta informaci\u00f3n que se transfiere al disco duro de su ordenador y nos ayuda a mejorar nuestro sitio Web y proporcionar un servicio mejor y personalizado. En resumen, nos permiten:<\/p>\n<ul>\n<li>Hacer una estimaci\u00f3n general de la cantidad de nuestros visitantes y c\u00f3mo utilizar nuestro sitio.<\/li>\n<li>Reconocerle cuando regrese a nuestro sitio.<\/li>\n<li>Almacenar informaci\u00f3n acerca de sus preferencias con el fin de personalizar nuestro sitio de acuerdo a sus intereses.<\/li>\n<li>Acelerar sus b\u00fasquedas.<\/li>\n<li>Adem\u00e1s, permitimos que algunos terceros recopilen las cookies utilizadas en nuestra p\u00e1gina web.<\/li>\n<\/ul>\n<p>As\u00ed pues, las cookies nos permiten:<\/p>\n<ul>\n<li>Conocer la primera y \u00faltima p\u00e1gina que visita y el n\u00famero total de visitas al sitio Web.<\/li>\n<li>Conocer cu\u00e1nto tiempo pasa en cada una de las p\u00e1ginas de nuestro sitio Web.<\/li>\n<li>Conocer c\u00f3mo sea usado este sitio Web.<\/li>\n<li>Conocer c\u00f3mo se ha iniciado sesi\u00f3n, incluyendo cualquier b\u00fasqueda por palabra clave, la informaci\u00f3n del motor de b\u00fasqueda o referencias.<\/li>\n<\/ul>\n<h4>Lista de cookies<\/h4>\n<p>La siguiente es una lista de las cookies utilizadas en este sitio web:<\/p>\n<ul>\n<li>EUCookieConsent<\/li>\n<li>_ga<\/li>\n<li>_gid<\/li>\n<li>splash<\/li>\n<li>urlAnt<\/li>\n<li>wordpress_logged_in<\/li>\n<li>wordpress_secwordpress_test_cookie<\/li>\n<li>wp-settings-1<\/li>\n<li>wp-settings-time-1<\/li>\n<\/ul>\n<\/div><div class=\"fusion-text fusion-text-2\"><p>Para obtener m\u00e1s informaci\u00f3n acerca de las cookies en general, y de c\u00f3mo restringir o bloquear las cookies usadas por este sitio web, por favor visite <a href=\"https:\/\/www.aboutcookies.org\/\" target=\"_blank\" rel=\"noopener\">aboutcookies.org<\/a><\/p>\n<p>Para restringir o bloquear las cookies utilizadas en este sitio web, por favor visite <a class=\"cky-banner-element\" href=\"#\"><u>Gestionar preferencias de las Cookies<\/u><\/a><\/p>\n<p>Tenga en cuenta que si limita el uso de cookies de este sitio web, podr\u00eda disminuir su funcionalidad y facilidad de uso.<\/p>\n<\/div><\/div><\/div><\/div><\/div>\n","protected":false},"excerpt":{"rendered":"","protected":false},"author":3,"featured_media":0,"parent":0,"menu_order":0,"comment_status":"closed","ping_status":"closed","template":"100-width.php","meta":{"footnotes":""},"class_list":["post-536","page","type-page","status-publish","hentry"],"yoast_head":"<!-- This site is optimized with the Yoast SEO plugin v22.9 - https:\/\/yoast.com\/wordpress\/plugins\/seo\/ -->\n<title>Pol\u00edtica de Cookies - Dalmau 1884 Instal\u00b7lacions<\/title>\n<meta name=\"robots\" content=\"index, follow, max-snippet:-1, max-image-preview:large, max-video-preview:-1\" \/>\n<link rel=\"canonical\" href=\"https:\/\/dalmau.com.es\/politica-de-cookies\/\" \/>\n<meta property=\"og:locale\" content=\"es_ES\" \/>\n<meta property=\"og:type\" content=\"article\" \/>\n<meta property=\"og:title\" content=\"Pol\u00edtica de Cookies - Dalmau 1884 Instal\u00b7lacions\" \/>\n<meta property=\"og:url\" content=\"https:\/\/dalmau.com.es\/politica-de-cookies\/\" \/>\n<meta property=\"og:site_name\" content=\"Dalmau 1884 Instal\u00b7lacions\" \/>\n<meta property=\"article:modified_time\" content=\"2023-06-30T10:02:05+00:00\" \/>\n<meta name=\"twitter:card\" content=\"summary_large_image\" \/>\n<meta name=\"twitter:label1\" content=\"Tiempo de lectura\" \/>\n\t<meta name=\"twitter:data1\" content=\"8 minutos\" \/>\n<script type=\"application\/ld+json\" class=\"yoast-schema-graph\">{\"@context\":\"https:\/\/schema.org\",\"@graph\":[{\"@type\":\"WebPage\",\"@id\":\"https:\/\/dalmau.com.es\/politica-de-cookies\/\",\"url\":\"https:\/\/dalmau.com.es\/politica-de-cookies\/\",\"name\":\"Pol\u00edtica de Cookies - Dalmau 1884 Instal\u00b7lacions\",\"isPartOf\":{\"@id\":\"https:\/\/dalmau.com.es\/#website\"},\"datePublished\":\"2022-10-19T10:08:37+00:00\",\"dateModified\":\"2023-06-30T10:02:05+00:00\",\"breadcrumb\":{\"@id\":\"https:\/\/dalmau.com.es\/politica-de-cookies\/#breadcrumb\"},\"inLanguage\":\"es\",\"potentialAction\":[{\"@type\":\"ReadAction\",\"target\":[\"https:\/\/dalmau.com.es\/politica-de-cookies\/\"]}]},{\"@type\":\"BreadcrumbList\",\"@id\":\"https:\/\/dalmau.com.es\/politica-de-cookies\/#breadcrumb\",\"itemListElement\":[{\"@type\":\"ListItem\",\"position\":1,\"name\":\"Inici\",\"item\":\"https:\/\/dalmau.com.es\/es\/\"},{\"@type\":\"ListItem\",\"position\":2,\"name\":\"Pol\u00edtica de Cookies\"}]},{\"@type\":\"WebSite\",\"@id\":\"https:\/\/dalmau.com.es\/#website\",\"url\":\"https:\/\/dalmau.com.es\/\",\"name\":\"Dalmau 1884 Instal\u00b7lacions\",\"description\":\"Des de 1884 oferint les millors solucions\",\"potentialAction\":[{\"@type\":\"SearchAction\",\"target\":{\"@type\":\"EntryPoint\",\"urlTemplate\":\"https:\/\/dalmau.com.es\/?s={search_term_string}\"},\"query-input\":\"required name=search_term_string\"}],\"inLanguage\":\"es\"}]}<\/script>\n<!-- \/ Yoast SEO plugin. -->","yoast_head_json":{"title":"Pol\u00edtica de Cookies - Dalmau 1884 Instal\u00b7lacions","robots":{"index":"index","follow":"follow","max-snippet":"max-snippet:-1","max-image-preview":"max-image-preview:large","max-video-preview":"max-video-preview:-1"},"canonical":"https:\/\/dalmau.com.es\/politica-de-cookies\/","og_locale":"es_ES","og_type":"article","og_title":"Pol\u00edtica de Cookies - Dalmau 1884 Instal\u00b7lacions","og_url":"https:\/\/dalmau.com.es\/politica-de-cookies\/","og_site_name":"Dalmau 1884 Instal\u00b7lacions","article_modified_time":"2023-06-30T10:02:05+00:00","twitter_card":"summary_large_image","twitter_misc":{"Tiempo de lectura":"8 minutos"},"schema":{"@context":"https:\/\/schema.org","@graph":[{"@type":"WebPage","@id":"https:\/\/dalmau.com.es\/politica-de-cookies\/","url":"https:\/\/dalmau.com.es\/politica-de-cookies\/","name":"Pol\u00edtica de Cookies - Dalmau 1884 Instal\u00b7lacions","isPartOf":{"@id":"https:\/\/dalmau.com.es\/#website"},"datePublished":"2022-10-19T10:08:37+00:00","dateModified":"2023-06-30T10:02:05+00:00","breadcrumb":{"@id":"https:\/\/dalmau.com.es\/politica-de-cookies\/#breadcrumb"},"inLanguage":"es","potentialAction":[{"@type":"ReadAction","target":["https:\/\/dalmau.com.es\/politica-de-cookies\/"]}]},{"@type":"BreadcrumbList","@id":"https:\/\/dalmau.com.es\/politica-de-cookies\/#breadcrumb","itemListElement":[{"@type":"ListItem","position":1,"name":"Inici","item":"https:\/\/dalmau.com.es\/es\/"},{"@type":"ListItem","position":2,"name":"Pol\u00edtica de Cookies"}]},{"@type":"WebSite","@id":"https:\/\/dalmau.com.es\/#website","url":"https:\/\/dalmau.com.es\/","name":"Dalmau 1884 Instal\u00b7lacions","description":"Des de 1884 oferint les millors solucions","potentialAction":[{"@type":"SearchAction","target":{"@type":"EntryPoint","urlTemplate":"https:\/\/dalmau.com.es\/?s={search_term_string}"},"query-input":"required name=search_term_string"}],"inLanguage":"es"}]}},"_links":{"self":[{"href":"https:\/\/dalmau.com.es\/es\/wp-json\/wp\/v2\/pages\/536","targetHints":{"allow":["GET"]}}],"collection":[{"href":"https:\/\/dalmau.com.es\/es\/wp-json\/wp\/v2\/pages"}],"about":[{"href":"https:\/\/dalmau.com.es\/es\/wp-json\/wp\/v2\/types\/page"}],"author":[{"embeddable":true,"href":"https:\/\/dalmau.com.es\/es\/wp-json\/wp\/v2\/users\/3"}],"replies":[{"embeddable":true,"href":"https:\/\/dalmau.com.es\/es\/wp-json\/wp\/v2\/comments?post=536"}],"version-history":[{"count":7,"href":"https:\/\/dalmau.com.es\/es\/wp-json\/wp\/v2\/pages\/536\/revisions"}],"predecessor-version":[{"id":934,"href":"https:\/\/dalmau.com.es\/es\/wp-json\/wp\/v2\/pages\/536\/revisions\/934"}],"wp:attachment":[{"href":"https:\/\/dalmau.com.es\/es\/wp-json\/wp\/v2\/media?parent=536"}],"curies":[{"name":"wp","href":"https:\/\/api.w.org\/{rel}","templated":true}]}}